{"id":2900,"date":"2025-04-17T16:51:37","date_gmt":"2025-04-17T14:51:37","guid":{"rendered":"https:\/\/www.1717interiors.com\/?page_id=2900"},"modified":"2025-06-10T18:39:43","modified_gmt":"2025-06-10T16:39:43","slug":"politica-sulla-riservatezza","status":"publish","type":"page","link":"https:\/\/www.1717interiors.com\/it\/politica-sulla-riservatezza\/","title":{"rendered":"POLITICA SULLA RISERVATEZZA"},"content":{"rendered":"\t\t<div data-elementor-type=\"wp-page\" data-elementor-id=\"2900\" class=\"elementor elementor-2900 elementor-3\" data-elementor-post-type=\"page\">\n\t\t\t\t<div class=\"elementor-element elementor-element-898bf3f e-flex e-con-boxed e-con e-parent\" data-id=\"898bf3f\" data-element_type=\"container\" data-e-type=\"container\">\n\t\t\t\t\t<div class=\"e-con-inner\">\n\t\t\t\t<div class=\"elementor-element elementor-element-80d8518 elementor-widget elementor-widget-heading\" data-id=\"80d8518\" data-element_type=\"widget\" data-e-type=\"widget\" data-widget_type=\"heading.default\">\n\t\t\t\t<div class=\"elementor-widget-container\">\n\t\t\t\t\t<h1 class=\"elementor-heading-title elementor-size-default\">Politique de confidentialit\u00e9<\/h1>\t\t\t\t<\/div>\n\t\t\t\t<\/div>\n\t\t\t\t<div class=\"elementor-element elementor-element-851fbed elementor-widget-divider--view-line elementor-widget elementor-widget-divider\" data-id=\"851fbed\" data-element_type=\"widget\" data-e-type=\"widget\" data-widget_type=\"divider.default\">\n\t\t\t\t<div class=\"elementor-widget-container\">\n\t\t\t\t\t\t\t<div class=\"elementor-divider\">\n\t\t\t<span class=\"elementor-divider-separator\">\n\t\t\t\t\t\t<\/span>\n\t\t<\/div>\n\t\t\t\t\t\t<\/div>\n\t\t\t\t<\/div>\n\t\t\t\t\t<\/div>\n\t\t\t\t<\/div>\n\t\t<div class=\"elementor-element elementor-element-192f57a7 e-con-full e-flex e-con e-parent\" data-id=\"192f57a7\" data-element_type=\"container\" data-e-type=\"container\">\n\t\t<div class=\"elementor-element elementor-element-f655335 e-flex e-con-boxed e-con e-child\" data-id=\"f655335\" data-element_type=\"container\" data-e-type=\"container\">\n\t\t\t\t\t<div class=\"e-con-inner\">\n\t\t\t\t<div class=\"elementor-element elementor-element-77c2600f elementor-widget elementor-widget-text-editor\" data-id=\"77c2600f\" data-element_type=\"widget\" data-e-type=\"widget\" data-widget_type=\"text-editor.default\">\n\t\t\t\t<div class=\"elementor-widget-container\">\n\t\t\t\t\t\t\t\t\t<p class=\"\" data-start=\"147\" data-end=\"185\"><strong data-start=\"147\" data-end=\"185\">Derni\u00e8re mise \u00e0 jour : 20 mai 2025<\/strong><\/p><p class=\"\" data-start=\"187\" data-end=\"418\">La pr\u00e9sente politique de confidentialit\u00e9 a pour but d\u2019informer les utilisateurs du site <strong data-start=\"275\" data-end=\"296\">1717interiors.com<\/strong> sur les donn\u00e9es personnelles collect\u00e9es, les finalit\u00e9s de leur traitement, et les droits dont disposent les utilisateurs.<\/p><h3 class=\"\" data-start=\"425\" data-end=\"469\">1. Identit\u00e9 du responsable du traitement<\/h3><p class=\"\" data-start=\"471\" data-end=\"797\">Le responsable du traitement est :<br data-start=\"505\" data-end=\"508\" \/><strong data-start=\"508\" data-end=\"527\">17 17 INTERIORS<\/strong><br data-start=\"527\" data-end=\"530\" \/>Entreprise unipersonnelle \u00e0 responsabilit\u00e9 limit\u00e9e (EURL)<br data-start=\"587\" data-end=\"590\" \/>Si\u00e8ge social : 37 rue d\u2019Antibes, 06400 Cannes, France<br data-start=\"643\" data-end=\"646\" \/>RCS Cannes 939 651 758<br data-start=\"668\" data-end=\"671\" \/>Repr\u00e9sent\u00e9e par : Mme Marie Ferrier-Borruto<br data-start=\"714\" data-end=\"717\" \/>Email de contact : <a class=\"cursor-pointer\" rel=\"noopener\" data-start=\"736\" data-end=\"797\">contact@1717interiors.com<\/a><\/p><h3 class=\"\" data-start=\"804\" data-end=\"829\">2. Donn\u00e9es collect\u00e9es<\/h3><p class=\"\" data-start=\"831\" data-end=\"947\">Lors de votre navigation ou de l&#8217;utilisation des formulaires du site, nous pouvons collecter les donn\u00e9es suivantes :<\/p><ul data-start=\"949\" data-end=\"1175\"><li class=\"\" data-start=\"949\" data-end=\"964\"><p class=\"\" data-start=\"951\" data-end=\"964\">Nom, pr\u00e9nom<\/p><\/li><li class=\"\" data-start=\"965\" data-end=\"983\"><p class=\"\" data-start=\"967\" data-end=\"983\">Adresse e-mail<\/p><\/li><li class=\"\" data-start=\"984\" data-end=\"1007\"><p class=\"\" data-start=\"986\" data-end=\"1007\">Num\u00e9ro de t\u00e9l\u00e9phone<\/p><\/li><li class=\"\" data-start=\"1008\" data-end=\"1027\"><p class=\"\" data-start=\"1010\" data-end=\"1027\">Adresse postale<\/p><\/li><li class=\"\" data-start=\"1028\" data-end=\"1110\"><p class=\"\" data-start=\"1030\" data-end=\"1110\">Donn\u00e9es de navigation (adresse IP, type de navigateur, pages consult\u00e9es, etc.)<\/p><\/li><li class=\"\" data-start=\"1111\" data-end=\"1175\"><p class=\"\" data-start=\"1113\" data-end=\"1175\">Messages ou demandes envoy\u00e9es via les formulaires de contact<\/p><\/li><\/ul><h3 class=\"\" data-start=\"1182\" data-end=\"1212\">3. Finalit\u00e9s du traitement<\/h3><p class=\"\" data-start=\"1214\" data-end=\"1271\">Les donn\u00e9es personnelles collect\u00e9es sont utilis\u00e9es pour :<\/p><ul data-start=\"1273\" data-end=\"1565\"><li class=\"\" data-start=\"1273\" data-end=\"1338\"><p class=\"\" data-start=\"1275\" data-end=\"1338\">R\u00e9pondre aux demandes envoy\u00e9es via les formulaires de contact<\/p><\/li><li class=\"\" data-start=\"1339\" data-end=\"1395\"><p class=\"\" data-start=\"1341\" data-end=\"1395\">G\u00e9rer la relation client et les \u00e9changes commerciaux<\/p><\/li><li class=\"\" data-start=\"1396\" data-end=\"1452\"><p class=\"\" data-start=\"1398\" data-end=\"1452\">Assurer le bon fonctionnement et la s\u00e9curit\u00e9 du site<\/p><\/li><li class=\"\" data-start=\"1453\" data-end=\"1499\"><p class=\"\" data-start=\"1455\" data-end=\"1499\">R\u00e9aliser des statistiques de fr\u00e9quentation<\/p><\/li><li class=\"\" data-start=\"1500\" data-end=\"1565\"><p class=\"\" data-start=\"1502\" data-end=\"1565\">Envoyer des communications commerciales si vous y avez consenti<\/p><\/li><\/ul><h3 class=\"\" data-start=\"1572\" data-end=\"1590\">4. Base l\u00e9gale<\/h3><p class=\"\" data-start=\"1592\" data-end=\"1636\">Les traitements de donn\u00e9es sont fond\u00e9s sur :<\/p><ul data-start=\"1638\" data-end=\"1927\"><li class=\"\" data-start=\"1638\" data-end=\"1717\"><p class=\"\" data-start=\"1640\" data-end=\"1717\">Votre <strong data-start=\"1646\" data-end=\"1662\">consentement<\/strong> (formulaire de contact, inscription \u00e0 la newsletter)<\/p><\/li><li class=\"\" data-start=\"1718\" data-end=\"1782\"><p class=\"\" data-start=\"1720\" data-end=\"1782\">L\u2019<strong data-start=\"1722\" data-end=\"1748\">ex\u00e9cution d\u2019un contrat<\/strong> ou de mesures pr\u00e9contractuelles<\/p><\/li><li class=\"\" data-start=\"1783\" data-end=\"1850\"><p class=\"\" data-start=\"1785\" data-end=\"1850\">Notre <strong data-start=\"1791\" data-end=\"1811\">int\u00e9r\u00eat l\u00e9gitime<\/strong> (am\u00e9lioration du site, statistiques)<\/p><\/li><li class=\"\" data-start=\"1851\" data-end=\"1927\"><p class=\"\" data-start=\"1853\" data-end=\"1927\">Le <strong data-start=\"1856\" data-end=\"1889\">respect d\u2019obligations l\u00e9gales<\/strong> (facturation, conservation comptable)<\/p><\/li><\/ul><h3 class=\"\" data-start=\"1934\" data-end=\"1966\">5. Destinataires des donn\u00e9es<\/h3><p class=\"\" data-start=\"1968\" data-end=\"2057\">Vos donn\u00e9es personnelles ne sont transmises \u00e0 aucun tiers sans votre consentement, sauf :<\/p><ul data-start=\"2059\" data-end=\"2281\"><li class=\"\" data-start=\"2059\" data-end=\"2135\"><p class=\"\" data-start=\"2061\" data-end=\"2135\">H\u00e9bergeur du site : <strong data-start=\"2081\" data-end=\"2092\">OVH SAS<\/strong>, 2 rue Kellermann, 59100 Roubaix, France<\/p><\/li><li class=\"\" data-start=\"2136\" data-end=\"2210\"><p class=\"\" data-start=\"2138\" data-end=\"2210\">Prestataires techniques intervenant pour le bon fonctionnement du site<\/p><\/li><li class=\"\" data-start=\"2211\" data-end=\"2281\"><p class=\"\" data-start=\"2213\" data-end=\"2281\">Autorit\u00e9s administratives ou judiciaires, en cas d\u2019obligation l\u00e9gale<\/p><\/li><\/ul><h3 class=\"\" data-start=\"2288\" data-end=\"2316\">6. Dur\u00e9e de conservation<\/h3><p class=\"\" data-start=\"2318\" data-end=\"2360\">Vos donn\u00e9es personnelles sont conserv\u00e9es :<\/p><ul data-start=\"2362\" data-end=\"2586\"><li class=\"\" data-start=\"2362\" data-end=\"2437\"><p class=\"\" data-start=\"2364\" data-end=\"2437\">Jusqu\u2019\u00e0 3 ans apr\u00e8s votre dernier contact pour les donn\u00e9es de prospects<\/p><\/li><li class=\"\" data-start=\"2438\" data-end=\"2487\"><p class=\"\" data-start=\"2440\" data-end=\"2487\">10 ans \u00e0 des fins comptables pour les clients<\/p><\/li><li class=\"\" data-start=\"2488\" data-end=\"2524\"><p class=\"\" data-start=\"2490\" data-end=\"2524\">13 mois maximum pour les cookies<\/p><\/li><li class=\"\" data-start=\"2525\" data-end=\"2586\"><p class=\"\" data-start=\"2527\" data-end=\"2586\">Jusqu\u2019au retrait de votre consentement pour les newsletters<\/p><\/li><\/ul><h3 class=\"\" data-start=\"2593\" data-end=\"2610\">7. Vos droits<\/h3><p class=\"\" data-start=\"2612\" data-end=\"2669\">Conform\u00e9ment au RGPD, vous disposez des droits suivants :<\/p><ul data-start=\"2671\" data-end=\"2914\"><li class=\"\" data-start=\"2671\" data-end=\"2702\"><p class=\"\" data-start=\"2673\" data-end=\"2702\">Droit d&#8217;acc\u00e8s \u00e0 vos donn\u00e9es<\/p><\/li><li class=\"\" data-start=\"2703\" data-end=\"2729\"><p class=\"\" data-start=\"2705\" data-end=\"2729\">Droit de rectification<\/p><\/li><li class=\"\" data-start=\"2730\" data-end=\"2772\"><p class=\"\" data-start=\"2732\" data-end=\"2772\">Droit \u00e0 l&#8217;effacement (droit \u00e0 l\u2019oubli)<\/p><\/li><li class=\"\" data-start=\"2773\" data-end=\"2795\"><p class=\"\" data-start=\"2775\" data-end=\"2795\">Droit d&#8217;opposition<\/p><\/li><li class=\"\" data-start=\"2796\" data-end=\"2822\"><p class=\"\" data-start=\"2798\" data-end=\"2822\">Droit \u00e0 la portabilit\u00e9<\/p><\/li><li class=\"\" data-start=\"2823\" data-end=\"2862\"><p class=\"\" data-start=\"2825\" data-end=\"2862\">Droit \u00e0 la limitation du traitement<\/p><\/li><li class=\"\" data-start=\"2863\" data-end=\"2914\"><p class=\"\" data-start=\"2865\" data-end=\"2914\">Droit de retirer votre consentement \u00e0 tout moment<\/p><\/li><\/ul><p class=\"\" data-start=\"2916\" data-end=\"3141\">Vous pouvez exercer ces droits en \u00e9crivant \u00e0 <a class=\"cursor-pointer\" rel=\"noopener\" data-start=\"2961\" data-end=\"3022\">contact@1717interiors.com<\/a><br data-start=\"3022\" data-end=\"3025\" \/>Vous avez \u00e9galement le droit d\u2019introduire une r\u00e9clamation aupr\u00e8s de la <strong data-start=\"3096\" data-end=\"3104\">CNIL<\/strong> : <a class=\"\" href=\"https:\/\/www.cnil.fr\" target=\"_new\" rel=\"noopener\" data-start=\"3107\" data-end=\"3141\">www.cnil.fr<\/a><\/p><h3 class=\"\" data-start=\"3148\" data-end=\"3163\">8. S\u00e9curit\u00e9<\/h3><p class=\"\" data-start=\"3165\" data-end=\"3326\">Des mesures de s\u00e9curit\u00e9 physiques, logiques et organisationnelles appropri\u00e9es sont mises en \u0153uvre pour garantir la confidentialit\u00e9 et l\u2019int\u00e9grit\u00e9 de vos donn\u00e9es.<\/p><h3 class=\"\" data-start=\"3333\" data-end=\"3347\">9. Cookies<\/h3><p class=\"\" data-start=\"3349\" data-end=\"3603\">Le site utilise des cookies pour mesurer l\u2019audience et am\u00e9liorer l\u2019exp\u00e9rience utilisateur. Vous pouvez accepter ou refuser les cookies via le bandeau d\u00e9di\u00e9 lors de votre premi\u00e8re visite. <\/p><h3 class=\"\" data-start=\"3610\" data-end=\"3631\">10. Modifications<\/h3><p class=\"\" data-start=\"3633\" data-end=\"3766\">Cette politique de confidentialit\u00e9 peut \u00eatre modifi\u00e9e \u00e0 tout moment. Les utilisateurs seront inform\u00e9s par publication sur cette page.<\/p>\t\t\t\t\t\t\t\t<\/div>\n\t\t\t\t<\/div>\n\t\t\t\t\t<\/div>\n\t\t\t\t<\/div>\n\t\t<div class=\"elementor-element elementor-element-1543970 e-con-full e-flex e-con e-child\" data-id=\"1543970\" data-element_type=\"container\" data-e-type=\"container\" data-settings=\"{&quot;background_background&quot;:&quot;classic&quot;}\">\n\t\t\t\t<\/div>\n\t\t\t\t<\/div>\n\t\t\t\t<\/div>\n\t\t","protected":false},"excerpt":{"rendered":"","protected":false},"author":2,"featured_media":0,"parent":0,"menu_order":0,"comment_status":"closed","ping_status":"closed","template":"","meta":{"_acf_changed":false,"footnotes":""},"class_list":["post-2900","page","type-page","status-publish","hentry"],"acf":[],"yoast_head":"<!-- This site is optimized with the Yoast SEO plugin v27.3 - https:\/\/yoast.com\/product\/yoast-seo-wordpress\/ -->\n<title>POLITICA SULLA RISERVATEZZA - 17:17 Interiors<\/title>\n<meta name=\"robots\" content=\"index, follow, max-snippet:-1, max-image-preview:large, max-video-preview:-1\" \/>\n<link rel=\"canonical\" href=\"https:\/\/www.1717interiors.com\/it\/politica-sulla-riservatezza\/\" \/>\n<meta property=\"og:locale\" content=\"it_IT\" \/>\n<meta property=\"og:type\" content=\"article\" \/>\n<meta property=\"og:title\" content=\"POLITICA SULLA RISERVATEZZA - 17:17 Interiors\" \/>\n<meta property=\"og:url\" content=\"https:\/\/www.1717interiors.com\/it\/politica-sulla-riservatezza\/\" \/>\n<meta property=\"og:site_name\" content=\"17:17 Interiors\" \/>\n<meta property=\"article:modified_time\" content=\"2025-06-10T16:39:43+00:00\" \/>\n<meta property=\"og:image\" content=\"https:\/\/www.1717interiors.com\/wp-content\/uploads\/2025\/07\/salle-a-manger-renovee-villa-mougins-scaled.webp\" \/>\n\t<meta property=\"og:image:width\" content=\"2000\" \/>\n\t<meta property=\"og:image:height\" content=\"1500\" \/>\n\t<meta property=\"og:image:type\" content=\"image\/webp\" \/>\n<meta name=\"twitter:card\" content=\"summary_large_image\" \/>\n<script type=\"application\/ld+json\" class=\"yoast-schema-graph\">{\"@context\":\"https:\\\/\\\/schema.org\",\"@graph\":[{\"@type\":\"WebPage\",\"@id\":\"https:\\\/\\\/www.1717interiors.com\\\/it\\\/politica-sulla-riservatezza\\\/\",\"url\":\"https:\\\/\\\/www.1717interiors.com\\\/it\\\/politica-sulla-riservatezza\\\/\",\"name\":\"POLITICA SULLA RISERVATEZZA - 17:17 Interiors\",\"isPartOf\":{\"@id\":\"https:\\\/\\\/www.1717interiors.com\\\/#website\"},\"datePublished\":\"2025-04-17T14:51:37+00:00\",\"dateModified\":\"2025-06-10T16:39:43+00:00\",\"breadcrumb\":{\"@id\":\"https:\\\/\\\/www.1717interiors.com\\\/it\\\/politica-sulla-riservatezza\\\/#breadcrumb\"},\"inLanguage\":\"it-IT\",\"potentialAction\":[{\"@type\":\"ReadAction\",\"target\":[\"https:\\\/\\\/www.1717interiors.com\\\/it\\\/politica-sulla-riservatezza\\\/\"]}]},{\"@type\":\"BreadcrumbList\",\"@id\":\"https:\\\/\\\/www.1717interiors.com\\\/it\\\/politica-sulla-riservatezza\\\/#breadcrumb\",\"itemListElement\":[{\"@type\":\"ListItem\",\"position\":1,\"name\":\"Accueil\",\"item\":\"https:\\\/\\\/www.1717interiors.com\\\/it\\\/home\\\/\"},{\"@type\":\"ListItem\",\"position\":2,\"name\":\"POLITICA SULLA RISERVATEZZA\"}]},{\"@type\":\"WebSite\",\"@id\":\"https:\\\/\\\/www.1717interiors.com\\\/#website\",\"url\":\"https:\\\/\\\/www.1717interiors.com\\\/\",\"name\":\"17:17 Interiors\",\"description\":\"Architecture int\u00e9rieure &amp; d\u00e9coration\",\"publisher\":{\"@id\":\"https:\\\/\\\/www.1717interiors.com\\\/#organization\"},\"potentialAction\":[{\"@type\":\"SearchAction\",\"target\":{\"@type\":\"EntryPoint\",\"urlTemplate\":\"https:\\\/\\\/www.1717interiors.com\\\/?s={search_term_string}\"},\"query-input\":{\"@type\":\"PropertyValueSpecification\",\"valueRequired\":true,\"valueName\":\"search_term_string\"}}],\"inLanguage\":\"it-IT\"},{\"@type\":\"Organization\",\"@id\":\"https:\\\/\\\/www.1717interiors.com\\\/#organization\",\"name\":\"17:17 Interiors\",\"url\":\"https:\\\/\\\/www.1717interiors.com\\\/\",\"logo\":{\"@type\":\"ImageObject\",\"inLanguage\":\"it-IT\",\"@id\":\"https:\\\/\\\/www.1717interiors.com\\\/#\\\/schema\\\/logo\\\/image\\\/\",\"url\":\"https:\\\/\\\/www.1717interiors.com\\\/wp-content\\\/uploads\\\/2025\\\/04\\\/logo-1717-interiors.svg\",\"contentUrl\":\"https:\\\/\\\/www.1717interiors.com\\\/wp-content\\\/uploads\\\/2025\\\/04\\\/logo-1717-interiors.svg\",\"width\":90,\"height\":100,\"caption\":\"17:17 Interiors\"},\"image\":{\"@id\":\"https:\\\/\\\/www.1717interiors.com\\\/#\\\/schema\\\/logo\\\/image\\\/\"},\"sameAs\":[\"https:\\\/\\\/www.instagram.com\\\/1717interiors\\\/\",\"https:\\\/\\\/www.linkedin.com\\\/company\\\/1717interiors\\\/about\\\/?viewAsMember=true\",\"https:\\\/\\\/www.1717interiors.com\\\/#\"]}]}<\/script>\n<!-- \/ Yoast SEO plugin. -->","yoast_head_json":{"title":"POLITICA SULLA RISERVATEZZA - 17:17 Interiors","robots":{"index":"index","follow":"follow","max-snippet":"max-snippet:-1","max-image-preview":"max-image-preview:large","max-video-preview":"max-video-preview:-1"},"canonical":"https:\/\/www.1717interiors.com\/it\/politica-sulla-riservatezza\/","og_locale":"it_IT","og_type":"article","og_title":"POLITICA SULLA RISERVATEZZA - 17:17 Interiors","og_url":"https:\/\/www.1717interiors.com\/it\/politica-sulla-riservatezza\/","og_site_name":"17:17 Interiors","article_modified_time":"2025-06-10T16:39:43+00:00","og_image":[{"width":2000,"height":1500,"url":"https:\/\/www.1717interiors.com\/wp-content\/uploads\/2025\/07\/salle-a-manger-renovee-villa-mougins-scaled.webp","type":"image\/webp"}],"twitter_card":"summary_large_image","schema":{"@context":"https:\/\/schema.org","@graph":[{"@type":"WebPage","@id":"https:\/\/www.1717interiors.com\/it\/politica-sulla-riservatezza\/","url":"https:\/\/www.1717interiors.com\/it\/politica-sulla-riservatezza\/","name":"POLITICA SULLA RISERVATEZZA - 17:17 Interiors","isPartOf":{"@id":"https:\/\/www.1717interiors.com\/#website"},"datePublished":"2025-04-17T14:51:37+00:00","dateModified":"2025-06-10T16:39:43+00:00","breadcrumb":{"@id":"https:\/\/www.1717interiors.com\/it\/politica-sulla-riservatezza\/#breadcrumb"},"inLanguage":"it-IT","potentialAction":[{"@type":"ReadAction","target":["https:\/\/www.1717interiors.com\/it\/politica-sulla-riservatezza\/"]}]},{"@type":"BreadcrumbList","@id":"https:\/\/www.1717interiors.com\/it\/politica-sulla-riservatezza\/#breadcrumb","itemListElement":[{"@type":"ListItem","position":1,"name":"Accueil","item":"https:\/\/www.1717interiors.com\/it\/home\/"},{"@type":"ListItem","position":2,"name":"POLITICA SULLA RISERVATEZZA"}]},{"@type":"WebSite","@id":"https:\/\/www.1717interiors.com\/#website","url":"https:\/\/www.1717interiors.com\/","name":"17:17 Interiors","description":"Architecture int\u00e9rieure &amp; d\u00e9coration","publisher":{"@id":"https:\/\/www.1717interiors.com\/#organization"},"potentialAction":[{"@type":"SearchAction","target":{"@type":"EntryPoint","urlTemplate":"https:\/\/www.1717interiors.com\/?s={search_term_string}"},"query-input":{"@type":"PropertyValueSpecification","valueRequired":true,"valueName":"search_term_string"}}],"inLanguage":"it-IT"},{"@type":"Organization","@id":"https:\/\/www.1717interiors.com\/#organization","name":"17:17 Interiors","url":"https:\/\/www.1717interiors.com\/","logo":{"@type":"ImageObject","inLanguage":"it-IT","@id":"https:\/\/www.1717interiors.com\/#\/schema\/logo\/image\/","url":"https:\/\/www.1717interiors.com\/wp-content\/uploads\/2025\/04\/logo-1717-interiors.svg","contentUrl":"https:\/\/www.1717interiors.com\/wp-content\/uploads\/2025\/04\/logo-1717-interiors.svg","width":90,"height":100,"caption":"17:17 Interiors"},"image":{"@id":"https:\/\/www.1717interiors.com\/#\/schema\/logo\/image\/"},"sameAs":["https:\/\/www.instagram.com\/1717interiors\/","https:\/\/www.linkedin.com\/company\/1717interiors\/about\/?viewAsMember=true","https:\/\/www.1717interiors.com\/#"]}]}},"_links":{"self":[{"href":"https:\/\/www.1717interiors.com\/it\/wp-json\/wp\/v2\/pages\/2900","targetHints":{"allow":["GET"]}}],"collection":[{"href":"https:\/\/www.1717interiors.com\/it\/wp-json\/wp\/v2\/pages"}],"about":[{"href":"https:\/\/www.1717interiors.com\/it\/wp-json\/wp\/v2\/types\/page"}],"author":[{"embeddable":true,"href":"https:\/\/www.1717interiors.com\/it\/wp-json\/wp\/v2\/users\/2"}],"replies":[{"embeddable":true,"href":"https:\/\/www.1717interiors.com\/it\/wp-json\/wp\/v2\/comments?post=2900"}],"version-history":[{"count":1,"href":"https:\/\/www.1717interiors.com\/it\/wp-json\/wp\/v2\/pages\/2900\/revisions"}],"predecessor-version":[{"id":2901,"href":"https:\/\/www.1717interiors.com\/it\/wp-json\/wp\/v2\/pages\/2900\/revisions\/2901"}],"wp:attachment":[{"href":"https:\/\/www.1717interiors.com\/it\/wp-json\/wp\/v2\/media?parent=2900"}],"curies":[{"name":"wp","href":"https:\/\/api.w.org\/{rel}","templated":true}]}}