{"id":2659,"date":"2025-04-23T11:52:32","date_gmt":"2025-04-23T09:52:32","guid":{"rendered":"https:\/\/www.1717interiors.com\/i-servizi\/"},"modified":"2025-06-16T10:52:27","modified_gmt":"2025-06-16T08:52:27","slug":"i-servizi","status":"publish","type":"page","link":"https:\/\/www.1717interiors.com\/it\/i-servizi\/","title":{"rendered":"Servizi"},"content":{"rendered":"\t\t<div data-elementor-type=\"wp-page\" data-elementor-id=\"2659\" class=\"elementor elementor-2659 elementor-21\" data-elementor-post-type=\"page\">\n\t\t\t\t<div class=\"elementor-element elementor-element-fdf5a0a arch17-container-mw e-flex e-con-boxed e-con e-parent\" data-id=\"fdf5a0a\" data-element_type=\"container\" data-e-type=\"container\">\n\t\t\t\t\t<div class=\"e-con-inner\">\n\t\t<div class=\"elementor-element elementor-element-19800df e-con-full e-flex e-con e-child\" data-id=\"19800df\" data-element_type=\"container\" data-e-type=\"container\">\n\t\t\t\t<div class=\"elementor-element elementor-element-b02982a elementor-widget elementor-widget-heading\" data-id=\"b02982a\" data-element_type=\"widget\" data-e-type=\"widget\" data-widget_type=\"heading.default\">\n\t\t\t\t<div class=\"elementor-widget-container\">\n\t\t\t\t\t<h1 class=\"elementor-heading-title elementor-size-default\">I NOSTRI SERVIZI<\/h1>\t\t\t\t<\/div>\n\t\t\t\t<\/div>\n\t\t\t\t<\/div>\n\t\t\t\t\t<\/div>\n\t\t\t\t<\/div>\n\t\t<div class=\"elementor-element elementor-element-27cfec2 arch17-container-mw e-flex e-con-boxed e-con e-parent\" data-id=\"27cfec2\" data-element_type=\"container\" data-e-type=\"container\" id=\"architecture\">\n\t\t\t\t\t<div class=\"e-con-inner\">\n\t\t<div class=\"elementor-element elementor-element-be8e262 e-con-full e-flex e-con e-child\" data-id=\"be8e262\" data-element_type=\"container\" data-e-type=\"container\">\n\t\t\t\t<div class=\"elementor-element elementor-element-21dcd32 elementor-widget elementor-widget-image\" data-id=\"21dcd32\" data-element_type=\"widget\" data-e-type=\"widget\" data-widget_type=\"image.default\">\n\t\t\t\t<div class=\"elementor-widget-container\">\n\t\t\t\t\t\t\t\t\t\t\t\t\t\t\t<img fetchpriority=\"high\" decoding=\"async\" width=\"510\" height=\"510\" src=\"https:\/\/www.1717interiors.com\/wp-content\/uploads\/2025\/04\/arch_big.jpg\" class=\"attachment-full size-full wp-image-2660\" alt=\"\" srcset=\"https:\/\/www.1717interiors.com\/wp-content\/uploads\/2025\/04\/arch_big.jpg 510w, https:\/\/www.1717interiors.com\/wp-content\/uploads\/2025\/04\/arch_big-300x300.jpg 300w, https:\/\/www.1717interiors.com\/wp-content\/uploads\/2025\/04\/arch_big-150x150.jpg 150w\" sizes=\"(max-width: 510px) 100vw, 510px\" \/>\t\t\t\t\t\t\t\t\t\t\t\t\t\t\t<\/div>\n\t\t\t\t<\/div>\n\t\t\t\t<\/div>\n\t\t<div class=\"elementor-element elementor-element-5403eaf e-con-full e-flex e-con e-child\" data-id=\"5403eaf\" data-element_type=\"container\" data-e-type=\"container\">\n\t\t\t\t<div class=\"elementor-element elementor-element-290996f elementor-widget elementor-widget-heading\" data-id=\"290996f\" data-element_type=\"widget\" data-e-type=\"widget\" data-widget_type=\"heading.default\">\n\t\t\t\t<div class=\"elementor-widget-container\">\n\t\t\t\t\t<h2 class=\"elementor-heading-title elementor-size-default\">interior design<\/h2>\t\t\t\t<\/div>\n\t\t\t\t<\/div>\n\t\t\t\t<div class=\"elementor-element elementor-element-a4bd53d elementor-widget elementor-widget-text-editor\" data-id=\"a4bd53d\" data-element_type=\"widget\" data-e-type=\"widget\" data-widget_type=\"text-editor.default\">\n\t\t\t\t<div class=\"elementor-widget-container\">\n\t\t\t\t\t\t\t\t\t<p>PROGETTAZIONE, RISTRUTTURAZIONE, RIDEFINIZIONE DEGLI SPAZI<\/p>\t\t\t\t\t\t\t\t<\/div>\n\t\t\t\t<\/div>\n\t\t\t\t<div class=\"elementor-element elementor-element-a8150c7 elementor-widget elementor-widget-text-editor\" data-id=\"a8150c7\" data-element_type=\"widget\" data-e-type=\"widget\" data-widget_type=\"text-editor.default\">\n\t\t\t\t<div class=\"elementor-widget-container\">\n\t\t\t\t\t\t\t\t\t<p>Ripensiamo e trasformiamo gli spazi per valorizzare ogni metro quadrato, creando layout su misura che rispondano perfettamente alle tue esigenze.<\/p>\t\t\t\t\t\t\t\t<\/div>\n\t\t\t\t<\/div>\n\t\t\t\t<div class=\"elementor-element elementor-element-415467e elementor-widget elementor-widget-text-editor\" data-id=\"415467e\" data-element_type=\"widget\" data-e-type=\"widget\" data-widget_type=\"text-editor.default\">\n\t\t\t\t<div class=\"elementor-widget-container\">\n\t\t\t\t\t\t\t\t\t<p>In ogni fase del progetto ti offriamo una consulenza personalizzata, con approccio che unisce rigore tecnico e sensibilit\u00e0 creativa: ottimizziamo volumi, funzionalit\u00e0, materiali e luce per dare forma a un ambiente che ti somigli. <br>Ogni soluzione architettonica \u00e8 pensata per integrarsi armoniosamente con il tuo stile di vita. <\/p>\t\t\t\t\t\t\t\t<\/div>\n\t\t\t\t<\/div>\n\t\t\t\t<div class=\"elementor-element elementor-element-a06cb27 elementor-widget elementor-widget-global elementor-global-2914 elementor-global-729 elementor-widget-button\" data-id=\"a06cb27\" data-element_type=\"widget\" data-e-type=\"widget\" data-widget_type=\"button.default\">\n\t\t\t\t<div class=\"elementor-widget-container\">\n\t\t\t\t\t\t\t\t\t<div class=\"elementor-button-wrapper\">\n\t\t\t\t\t<a class=\"elementor-button elementor-button-link elementor-size-sm\" href=\"#devis-projet\">\n\t\t\t\t\t\t<span class=\"elementor-button-content-wrapper\">\n\t\t\t\t\t\t\t\t\t<span class=\"elementor-button-text\">Parliamo del tuo progetto<\/span>\n\t\t\t\t\t<\/span>\n\t\t\t\t\t<\/a>\n\t\t\t\t<\/div>\n\t\t\t\t\t\t\t\t<\/div>\n\t\t\t\t<\/div>\n\t\t\t\t<\/div>\n\t\t\t\t\t<\/div>\n\t\t\t\t<\/div>\n\t\t<div class=\"elementor-element elementor-element-e5f0e28 arch17-container-mw e-flex e-con-boxed e-con e-parent\" data-id=\"e5f0e28\" data-element_type=\"container\" data-e-type=\"container\" id=\"decoration\">\n\t\t\t\t\t<div class=\"e-con-inner\">\n\t\t<div class=\"elementor-element elementor-element-c1d96a5 e-con-full e-flex e-con e-child\" data-id=\"c1d96a5\" data-element_type=\"container\" data-e-type=\"container\">\n\t\t\t\t<div class=\"elementor-element elementor-element-011b724 elementor-widget elementor-widget-image\" data-id=\"011b724\" data-element_type=\"widget\" data-e-type=\"widget\" data-widget_type=\"image.default\">\n\t\t\t\t<div class=\"elementor-widget-container\">\n\t\t\t\t\t\t\t\t\t\t\t\t\t\t\t<img decoding=\"async\" width=\"510\" height=\"510\" src=\"https:\/\/www.1717interiors.com\/wp-content\/uploads\/2025\/04\/decor-big.jpg\" class=\"attachment-full size-full wp-image-2661\" alt=\"\" srcset=\"https:\/\/www.1717interiors.com\/wp-content\/uploads\/2025\/04\/decor-big.jpg 510w, https:\/\/www.1717interiors.com\/wp-content\/uploads\/2025\/04\/decor-big-300x300.jpg 300w, https:\/\/www.1717interiors.com\/wp-content\/uploads\/2025\/04\/decor-big-150x150.jpg 150w\" sizes=\"(max-width: 510px) 100vw, 510px\" \/>\t\t\t\t\t\t\t\t\t\t\t\t\t\t\t<\/div>\n\t\t\t\t<\/div>\n\t\t\t\t<\/div>\n\t\t<div class=\"elementor-element elementor-element-4545210 e-con-full e-flex e-con e-child\" data-id=\"4545210\" data-element_type=\"container\" data-e-type=\"container\">\n\t\t\t\t<div class=\"elementor-element elementor-element-e8023b5 elementor-widget elementor-widget-heading\" data-id=\"e8023b5\" data-element_type=\"widget\" data-e-type=\"widget\" data-widget_type=\"heading.default\">\n\t\t\t\t<div class=\"elementor-widget-container\">\n\t\t\t\t\t<h2 class=\"elementor-heading-title elementor-size-default\">DECORAZIONE d'interni<\/h2>\t\t\t\t<\/div>\n\t\t\t\t<\/div>\n\t\t\t\t<div class=\"elementor-element elementor-element-919e6a7 elementor-widget elementor-widget-text-editor\" data-id=\"919e6a7\" data-element_type=\"widget\" data-e-type=\"widget\" data-widget_type=\"text-editor.default\">\n\t\t\t\t<div class=\"elementor-widget-container\">\n\t\t\t\t\t\t\t\t\t<p>SCELTA DEGLI ARREDI, CREAZIONE DI ATMOSFERE, FINITURE DI PREGIO<\/p>\t\t\t\t\t\t\t\t<\/div>\n\t\t\t\t<\/div>\n\t\t\t\t<div class=\"elementor-element elementor-element-1ad23ec elementor-widget elementor-widget-text-editor\" data-id=\"1ad23ec\" data-element_type=\"widget\" data-e-type=\"widget\" data-widget_type=\"text-editor.default\">\n\t\t\t\t<div class=\"elementor-widget-container\">\n\t\t\t\t\t\t\t\t\tTi offriamo un supporto su misura, creativo e reattivo, per aiutarti a esprimere il tuo stile e dare senso alla bellezza \u2014 anche a distanza.Firmiamo progetti decorativi su misura che riflettano la tua personalit\u00e0 e lo spirito dei luoghi\t\t\t\t\t\t\t\t<\/div>\n\t\t\t\t<\/div>\n\t\t\t\t<div class=\"elementor-element elementor-element-27834b7 elementor-widget elementor-widget-text-editor\" data-id=\"27834b7\" data-element_type=\"widget\" data-e-type=\"widget\" data-widget_type=\"text-editor.default\">\n\t\t\t\t<div class=\"elementor-widget-container\">\n\t\t\t\t\t\t\t\t\tTi accompagniamo in ogni fase, con consulenze personalizzate e proposte curate nei minimi dettagli: dall\u2019analisi delle caratteristiche dell\u2019ambiente alle tendenze pi\u00f9 attuali, senza mai rinunciare ad uno stile raffinato e senza tempo.<br>Per una decorazione coerente, elegante e funzionale.\t\t\t\t\t\t\t\t<\/div>\n\t\t\t\t<\/div>\n\t\t\t\t<\/div>\n\t\t\t\t\t<\/div>\n\t\t\t\t<\/div>\n\t\t<div class=\"elementor-element elementor-element-e9bdc40 arch17-container-mw e-flex e-con-boxed e-con e-parent\" data-id=\"e9bdc40\" data-element_type=\"container\" data-e-type=\"container\" id=\"surmesure\">\n\t\t\t\t\t<div class=\"e-con-inner\">\n\t\t<div class=\"elementor-element elementor-element-ce1bf5b e-con-full e-flex e-con e-child\" data-id=\"ce1bf5b\" data-element_type=\"container\" data-e-type=\"container\">\n\t\t<div class=\"elementor-element elementor-element-b6ded59 e-con-full e-flex e-con e-child\" data-id=\"b6ded59\" data-element_type=\"container\" data-e-type=\"container\">\n\t\t\t\t<div class=\"elementor-element elementor-element-63187e3 elementor-widget elementor-widget-image\" data-id=\"63187e3\" data-element_type=\"widget\" data-e-type=\"widget\" data-widget_type=\"image.default\">\n\t\t\t\t<div class=\"elementor-widget-container\">\n\t\t\t\t\t\t\t\t\t\t\t\t\t\t\t<img decoding=\"async\" width=\"510\" height=\"510\" src=\"https:\/\/www.1717interiors.com\/wp-content\/uploads\/2025\/04\/sumbig.jpg\" class=\"attachment-full size-full wp-image-2662\" alt=\"\" srcset=\"https:\/\/www.1717interiors.com\/wp-content\/uploads\/2025\/04\/sumbig.jpg 510w, https:\/\/www.1717interiors.com\/wp-content\/uploads\/2025\/04\/sumbig-300x300.jpg 300w, https:\/\/www.1717interiors.com\/wp-content\/uploads\/2025\/04\/sumbig-150x150.jpg 150w\" sizes=\"(max-width: 510px) 100vw, 510px\" \/>\t\t\t\t\t\t\t\t\t\t\t\t\t\t\t<\/div>\n\t\t\t\t<\/div>\n\t\t\t\t<\/div>\n\t\t<div class=\"elementor-element elementor-element-2893fff e-con-full e-flex e-con e-child\" data-id=\"2893fff\" data-element_type=\"container\" data-e-type=\"container\">\n\t\t\t\t<div class=\"elementor-element elementor-element-900447b elementor-widget elementor-widget-heading\" data-id=\"900447b\" data-element_type=\"widget\" data-e-type=\"widget\" data-widget_type=\"heading.default\">\n\t\t\t\t<div class=\"elementor-widget-container\">\n\t\t\t\t\t<h2 class=\"elementor-heading-title elementor-size-default\">SU MISURA<\/h2>\t\t\t\t<\/div>\n\t\t\t\t<\/div>\n\t\t\t\t<div class=\"elementor-element elementor-element-14a2b95 elementor-widget elementor-widget-text-editor\" data-id=\"14a2b95\" data-element_type=\"widget\" data-e-type=\"widget\" data-widget_type=\"text-editor.default\">\n\t\t\t\t<div class=\"elementor-widget-container\">\n\t\t\t\t\t\t\t\t\t<p>ARREDI PERSONALIZZATI, RECUPERO CREATIVO, UPCYCLING D\u2019AUTORE.<\/p>\t\t\t\t\t\t\t\t<\/div>\n\t\t\t\t<\/div>\n\t\t\t\t<div class=\"elementor-element elementor-element-0a3afb1 elementor-widget elementor-widget-text-editor\" data-id=\"0a3afb1\" data-element_type=\"widget\" data-e-type=\"widget\" data-widget_type=\"text-editor.default\">\n\t\t\t\t<div class=\"elementor-widget-container\">\n\t\t\t\t\t\t\t\t\t<p>Crediamo nella bellezza dell\u2019unicit\u00e0 e nel valore del fatto a mano.<br>Da 17:17 Interiors, disegniamo e realizziamo mobili su misura, vetrate artistiche e oggetti esclusivi in collaborazione con artigiani d\u2019eccellenza.<br>Ogni pezzo \u00e8 pensato per integrarsi perfettamente nel tuo progetto, coniugando estetica, funzionalit\u00e0 e senso. <\/p>\t\t\t\t\t\t\t\t<\/div>\n\t\t\t\t<\/div>\n\t\t\t\t<div class=\"elementor-element elementor-element-173b12f elementor-widget elementor-widget-text-editor\" data-id=\"173b12f\" data-element_type=\"widget\" data-e-type=\"widget\" data-widget_type=\"text-editor.default\">\n\t\t\t\t<div class=\"elementor-widget-container\">\n\t\t\t\t\t\t\t\t\t<p>Oltre alla progettazione degli spazi, diamo nuova vita ai mobili che ami.<br>Ogni oggetto attraversa il tempo, portando con s\u00e9 una storia da reinterpretare. <\/p>\t\t\t\t\t\t\t\t<\/div>\n\t\t\t\t<\/div>\n\t\t\t\t<div class=\"elementor-element elementor-element-405c512 elementor-widget elementor-widget-global elementor-global-2916 elementor-global-570 elementor-widget-button\" data-id=\"405c512\" data-element_type=\"widget\" data-e-type=\"widget\" data-widget_type=\"button.default\">\n\t\t\t\t<div class=\"elementor-widget-container\">\n\t\t\t\t\t\t\t\t\t<div class=\"elementor-button-wrapper\">\n\t\t\t\t\t<a class=\"elementor-button elementor-button-link elementor-size-sm\" href=\"https:\/\/www.1717interiors.com\/it\/contatto\/\">\n\t\t\t\t\t\t<span class=\"elementor-button-content-wrapper\">\n\t\t\t\t\t\t\t\t\t<span class=\"elementor-button-text\">CONTATTACI<\/span>\n\t\t\t\t\t<\/span>\n\t\t\t\t\t<\/a>\n\t\t\t\t<\/div>\n\t\t\t\t\t\t\t\t<\/div>\n\t\t\t\t<\/div>\n\t\t\t\t<\/div>\n\t\t\t\t<\/div>\n\t\t\t\t\t<\/div>\n\t\t\t\t<\/div>\n\t\t<div class=\"elementor-element elementor-element-5e41c9d arch17-container-mw e-flex e-con-boxed e-con e-parent\" data-id=\"5e41c9d\" data-element_type=\"container\" data-e-type=\"container\" id=\"conseil\">\n\t\t\t\t\t<div class=\"e-con-inner\">\n\t\t<div class=\"elementor-element elementor-element-50a447c e-con-full e-flex e-con e-child\" data-id=\"50a447c\" data-element_type=\"container\" data-e-type=\"container\">\n\t\t\t\t<div class=\"elementor-element elementor-element-f93e5de elementor-widget elementor-widget-image\" data-id=\"f93e5de\" data-element_type=\"widget\" data-e-type=\"widget\" data-widget_type=\"image.default\">\n\t\t\t\t<div class=\"elementor-widget-container\">\n\t\t\t\t\t\t\t\t\t\t\t\t\t\t\t<img loading=\"lazy\" decoding=\"async\" width=\"510\" height=\"510\" src=\"https:\/\/www.1717interiors.com\/wp-content\/uploads\/2025\/04\/photo.png\" class=\"attachment-full size-full wp-image-2663\" alt=\"\" srcset=\"https:\/\/www.1717interiors.com\/wp-content\/uploads\/2025\/04\/photo.png 510w, https:\/\/www.1717interiors.com\/wp-content\/uploads\/2025\/04\/photo-300x300.png 300w, https:\/\/www.1717interiors.com\/wp-content\/uploads\/2025\/04\/photo-150x150.png 150w\" sizes=\"(max-width: 510px) 100vw, 510px\" \/>\t\t\t\t\t\t\t\t\t\t\t\t\t\t\t<\/div>\n\t\t\t\t<\/div>\n\t\t\t\t<\/div>\n\t\t<div class=\"elementor-element elementor-element-f2d19ab e-con-full e-flex e-con e-child\" data-id=\"f2d19ab\" data-element_type=\"container\" data-e-type=\"container\">\n\t\t\t\t<div class=\"elementor-element elementor-element-de7195a elementor-widget elementor-widget-heading\" data-id=\"de7195a\" data-element_type=\"widget\" data-e-type=\"widget\" data-widget_type=\"heading.default\">\n\t\t\t\t<div class=\"elementor-widget-container\">\n\t\t\t\t\t<h2 class=\"elementor-heading-title elementor-size-default\">Consulenza &amp; Accompagnamento <\/h2>\t\t\t\t<\/div>\n\t\t\t\t<\/div>\n\t\t\t\t<div class=\"elementor-element elementor-element-20aff61 elementor-widget elementor-widget-text-editor\" data-id=\"20aff61\" data-element_type=\"widget\" data-e-type=\"widget\" data-widget_type=\"text-editor.default\">\n\t\t\t\t<div class=\"elementor-widget-container\">\n\t\t\t\t\t\t\t\t\t<p>Coaching d\u00e9co, home staging, e-deco.<\/p>\t\t\t\t\t\t\t\t<\/div>\n\t\t\t\t<\/div>\n\t\t\t\t<div class=\"elementor-element elementor-element-5836af4 elementor-widget elementor-widget-text-editor\" data-id=\"5836af4\" data-element_type=\"widget\" data-e-type=\"widget\" data-widget_type=\"text-editor.default\">\n\t\t\t\t<div class=\"elementor-widget-container\">\n\t\t\t\t\t\t\t\t\t<p>Che si tratti di un grande progetto o di piccoli interventi mirati, ogni spazio merita attenzione e valorizzazione. <\/p>\t\t\t\t\t\t\t\t<\/div>\n\t\t\t\t<\/div>\n\t\t\t\t<div class=\"elementor-element elementor-element-f0ace20 elementor-widget elementor-widget-text-editor\" data-id=\"f0ace20\" data-element_type=\"widget\" data-e-type=\"widget\" data-widget_type=\"text-editor.default\">\n\t\t\t\t<div class=\"elementor-widget-container\">\n\t\t\t\t\t\t\t\t\t<p>Ti offriamo un supporto su misura, creativo e reattivo, per aiutarti a esprimere il tuo stile e dare senso alla bellezza \u2014 anche a distanza.<\/p>\t\t\t\t\t\t\t\t<\/div>\n\t\t\t\t<\/div>\n\t\t\t\t<\/div>\n\t\t\t\t\t<\/div>\n\t\t\t\t<\/div>\n\t\t\t\t<\/div>\n\t\t","protected":false},"excerpt":{"rendered":"<p>I NOSTRI SERVIZI interior design PROGETTAZIONE, RISTRUTTURAZIONE, RIDEFINIZIONE DEGLI SPAZI Ripensiamo e trasformiamo gli spazi per valorizzare ogni metro quadrato, creando layout su misura che rispondano perfettamente alle tue esigenze. In ogni fase del progetto ti offriamo una consulenza personalizzata, con approccio che unisce rigore tecnico e sensibilit\u00e0 creativa: ottimizziamo volumi, funzionalit\u00e0, materiali e luce [&hellip;]<\/p>\n","protected":false},"author":1,"featured_media":0,"parent":0,"menu_order":0,"comment_status":"closed","ping_status":"closed","template":"","meta":{"_acf_changed":false,"footnotes":""},"class_list":["post-2659","page","type-page","status-publish","hentry"],"acf":[],"yoast_head":"<!-- This site is optimized with the Yoast SEO plugin v27.3 - https:\/\/yoast.com\/product\/yoast-seo-wordpress\/ -->\n<title>Servizi - 17:17 Interiors<\/title>\n<meta name=\"robots\" content=\"index, follow, max-snippet:-1, max-image-preview:large, max-video-preview:-1\" \/>\n<link rel=\"canonical\" href=\"https:\/\/www.1717interiors.com\/it\/i-servizi\/\" \/>\n<meta property=\"og:locale\" content=\"it_IT\" \/>\n<meta property=\"og:type\" content=\"article\" \/>\n<meta property=\"og:title\" content=\"Servizi - 17:17 Interiors\" \/>\n<meta property=\"og:description\" content=\"I NOSTRI SERVIZI interior design PROGETTAZIONE, RISTRUTTURAZIONE, RIDEFINIZIONE DEGLI SPAZI Ripensiamo e trasformiamo gli spazi per valorizzare ogni metro quadrato, creando layout su misura che rispondano perfettamente alle tue esigenze. In ogni fase del progetto ti offriamo una consulenza personalizzata, con approccio che unisce rigore tecnico e sensibilit\u00e0 creativa: ottimizziamo volumi, funzionalit\u00e0, materiali e luce [&hellip;]\" \/>\n<meta property=\"og:url\" content=\"https:\/\/www.1717interiors.com\/it\/i-servizi\/\" \/>\n<meta property=\"og:site_name\" content=\"17:17 Interiors\" \/>\n<meta property=\"article:modified_time\" content=\"2025-06-16T08:52:27+00:00\" \/>\n<meta property=\"og:image\" content=\"https:\/\/www.1717interiors.com\/wp-content\/uploads\/2025\/04\/arch_big.jpg\" \/>\n\t<meta property=\"og:image:width\" content=\"510\" \/>\n\t<meta property=\"og:image:height\" content=\"510\" \/>\n\t<meta property=\"og:image:type\" content=\"image\/jpeg\" \/>\n<meta name=\"twitter:card\" content=\"summary_large_image\" \/>\n<meta name=\"twitter:label1\" content=\"Tempo di lettura stimato\" \/>\n\t<meta name=\"twitter:data1\" content=\"3 minuti\" \/>\n<script type=\"application\/ld+json\" class=\"yoast-schema-graph\">{\"@context\":\"https:\\\/\\\/schema.org\",\"@graph\":[{\"@type\":\"WebPage\",\"@id\":\"https:\\\/\\\/www.1717interiors.com\\\/it\\\/i-servizi\\\/\",\"url\":\"https:\\\/\\\/www.1717interiors.com\\\/it\\\/i-servizi\\\/\",\"name\":\"Servizi - 17:17 Interiors\",\"isPartOf\":{\"@id\":\"https:\\\/\\\/www.1717interiors.com\\\/#website\"},\"primaryImageOfPage\":{\"@id\":\"https:\\\/\\\/www.1717interiors.com\\\/it\\\/i-servizi\\\/#primaryimage\"},\"image\":{\"@id\":\"https:\\\/\\\/www.1717interiors.com\\\/it\\\/i-servizi\\\/#primaryimage\"},\"thumbnailUrl\":\"https:\\\/\\\/www.1717interiors.com\\\/wp-content\\\/uploads\\\/2025\\\/04\\\/arch_big.jpg\",\"datePublished\":\"2025-04-23T09:52:32+00:00\",\"dateModified\":\"2025-06-16T08:52:27+00:00\",\"breadcrumb\":{\"@id\":\"https:\\\/\\\/www.1717interiors.com\\\/it\\\/i-servizi\\\/#breadcrumb\"},\"inLanguage\":\"it-IT\",\"potentialAction\":[{\"@type\":\"ReadAction\",\"target\":[\"https:\\\/\\\/www.1717interiors.com\\\/it\\\/i-servizi\\\/\"]}]},{\"@type\":\"ImageObject\",\"inLanguage\":\"it-IT\",\"@id\":\"https:\\\/\\\/www.1717interiors.com\\\/it\\\/i-servizi\\\/#primaryimage\",\"url\":\"https:\\\/\\\/www.1717interiors.com\\\/wp-content\\\/uploads\\\/2025\\\/04\\\/arch_big.jpg\",\"contentUrl\":\"https:\\\/\\\/www.1717interiors.com\\\/wp-content\\\/uploads\\\/2025\\\/04\\\/arch_big.jpg\"},{\"@type\":\"BreadcrumbList\",\"@id\":\"https:\\\/\\\/www.1717interiors.com\\\/it\\\/i-servizi\\\/#breadcrumb\",\"itemListElement\":[{\"@type\":\"ListItem\",\"position\":1,\"name\":\"Accueil\",\"item\":\"https:\\\/\\\/www.1717interiors.com\\\/it\\\/home\\\/\"},{\"@type\":\"ListItem\",\"position\":2,\"name\":\"Servizi\"}]},{\"@type\":\"WebSite\",\"@id\":\"https:\\\/\\\/www.1717interiors.com\\\/#website\",\"url\":\"https:\\\/\\\/www.1717interiors.com\\\/\",\"name\":\"17:17 Interiors\",\"description\":\"Architecture int\u00e9rieure &amp; d\u00e9coration\",\"publisher\":{\"@id\":\"https:\\\/\\\/www.1717interiors.com\\\/#organization\"},\"potentialAction\":[{\"@type\":\"SearchAction\",\"target\":{\"@type\":\"EntryPoint\",\"urlTemplate\":\"https:\\\/\\\/www.1717interiors.com\\\/?s={search_term_string}\"},\"query-input\":{\"@type\":\"PropertyValueSpecification\",\"valueRequired\":true,\"valueName\":\"search_term_string\"}}],\"inLanguage\":\"it-IT\"},{\"@type\":\"Organization\",\"@id\":\"https:\\\/\\\/www.1717interiors.com\\\/#organization\",\"name\":\"17:17 Interiors\",\"url\":\"https:\\\/\\\/www.1717interiors.com\\\/\",\"logo\":{\"@type\":\"ImageObject\",\"inLanguage\":\"it-IT\",\"@id\":\"https:\\\/\\\/www.1717interiors.com\\\/#\\\/schema\\\/logo\\\/image\\\/\",\"url\":\"https:\\\/\\\/www.1717interiors.com\\\/wp-content\\\/uploads\\\/2025\\\/04\\\/logo-1717-interiors.svg\",\"contentUrl\":\"https:\\\/\\\/www.1717interiors.com\\\/wp-content\\\/uploads\\\/2025\\\/04\\\/logo-1717-interiors.svg\",\"width\":90,\"height\":100,\"caption\":\"17:17 Interiors\"},\"image\":{\"@id\":\"https:\\\/\\\/www.1717interiors.com\\\/#\\\/schema\\\/logo\\\/image\\\/\"},\"sameAs\":[\"https:\\\/\\\/www.instagram.com\\\/1717interiors\\\/\",\"https:\\\/\\\/www.linkedin.com\\\/company\\\/1717interiors\\\/about\\\/?viewAsMember=true\",\"https:\\\/\\\/www.1717interiors.com\\\/#\"]}]}<\/script>\n<!-- \/ Yoast SEO plugin. -->","yoast_head_json":{"title":"Servizi - 17:17 Interiors","robots":{"index":"index","follow":"follow","max-snippet":"max-snippet:-1","max-image-preview":"max-image-preview:large","max-video-preview":"max-video-preview:-1"},"canonical":"https:\/\/www.1717interiors.com\/it\/i-servizi\/","og_locale":"it_IT","og_type":"article","og_title":"Servizi - 17:17 Interiors","og_description":"I NOSTRI SERVIZI interior design PROGETTAZIONE, RISTRUTTURAZIONE, RIDEFINIZIONE DEGLI SPAZI Ripensiamo e trasformiamo gli spazi per valorizzare ogni metro quadrato, creando layout su misura che rispondano perfettamente alle tue esigenze. In ogni fase del progetto ti offriamo una consulenza personalizzata, con approccio che unisce rigore tecnico e sensibilit\u00e0 creativa: ottimizziamo volumi, funzionalit\u00e0, materiali e luce [&hellip;]","og_url":"https:\/\/www.1717interiors.com\/it\/i-servizi\/","og_site_name":"17:17 Interiors","article_modified_time":"2025-06-16T08:52:27+00:00","og_image":[{"width":510,"height":510,"url":"https:\/\/www.1717interiors.com\/wp-content\/uploads\/2025\/04\/arch_big.jpg","type":"image\/jpeg"}],"twitter_card":"summary_large_image","twitter_misc":{"Tempo di lettura stimato":"3 minuti"},"schema":{"@context":"https:\/\/schema.org","@graph":[{"@type":"WebPage","@id":"https:\/\/www.1717interiors.com\/it\/i-servizi\/","url":"https:\/\/www.1717interiors.com\/it\/i-servizi\/","name":"Servizi - 17:17 Interiors","isPartOf":{"@id":"https:\/\/www.1717interiors.com\/#website"},"primaryImageOfPage":{"@id":"https:\/\/www.1717interiors.com\/it\/i-servizi\/#primaryimage"},"image":{"@id":"https:\/\/www.1717interiors.com\/it\/i-servizi\/#primaryimage"},"thumbnailUrl":"https:\/\/www.1717interiors.com\/wp-content\/uploads\/2025\/04\/arch_big.jpg","datePublished":"2025-04-23T09:52:32+00:00","dateModified":"2025-06-16T08:52:27+00:00","breadcrumb":{"@id":"https:\/\/www.1717interiors.com\/it\/i-servizi\/#breadcrumb"},"inLanguage":"it-IT","potentialAction":[{"@type":"ReadAction","target":["https:\/\/www.1717interiors.com\/it\/i-servizi\/"]}]},{"@type":"ImageObject","inLanguage":"it-IT","@id":"https:\/\/www.1717interiors.com\/it\/i-servizi\/#primaryimage","url":"https:\/\/www.1717interiors.com\/wp-content\/uploads\/2025\/04\/arch_big.jpg","contentUrl":"https:\/\/www.1717interiors.com\/wp-content\/uploads\/2025\/04\/arch_big.jpg"},{"@type":"BreadcrumbList","@id":"https:\/\/www.1717interiors.com\/it\/i-servizi\/#breadcrumb","itemListElement":[{"@type":"ListItem","position":1,"name":"Accueil","item":"https:\/\/www.1717interiors.com\/it\/home\/"},{"@type":"ListItem","position":2,"name":"Servizi"}]},{"@type":"WebSite","@id":"https:\/\/www.1717interiors.com\/#website","url":"https:\/\/www.1717interiors.com\/","name":"17:17 Interiors","description":"Architecture int\u00e9rieure &amp; d\u00e9coration","publisher":{"@id":"https:\/\/www.1717interiors.com\/#organization"},"potentialAction":[{"@type":"SearchAction","target":{"@type":"EntryPoint","urlTemplate":"https:\/\/www.1717interiors.com\/?s={search_term_string}"},"query-input":{"@type":"PropertyValueSpecification","valueRequired":true,"valueName":"search_term_string"}}],"inLanguage":"it-IT"},{"@type":"Organization","@id":"https:\/\/www.1717interiors.com\/#organization","name":"17:17 Interiors","url":"https:\/\/www.1717interiors.com\/","logo":{"@type":"ImageObject","inLanguage":"it-IT","@id":"https:\/\/www.1717interiors.com\/#\/schema\/logo\/image\/","url":"https:\/\/www.1717interiors.com\/wp-content\/uploads\/2025\/04\/logo-1717-interiors.svg","contentUrl":"https:\/\/www.1717interiors.com\/wp-content\/uploads\/2025\/04\/logo-1717-interiors.svg","width":90,"height":100,"caption":"17:17 Interiors"},"image":{"@id":"https:\/\/www.1717interiors.com\/#\/schema\/logo\/image\/"},"sameAs":["https:\/\/www.instagram.com\/1717interiors\/","https:\/\/www.linkedin.com\/company\/1717interiors\/about\/?viewAsMember=true","https:\/\/www.1717interiors.com\/#"]}]}},"_links":{"self":[{"href":"https:\/\/www.1717interiors.com\/it\/wp-json\/wp\/v2\/pages\/2659","targetHints":{"allow":["GET"]}}],"collection":[{"href":"https:\/\/www.1717interiors.com\/it\/wp-json\/wp\/v2\/pages"}],"about":[{"href":"https:\/\/www.1717interiors.com\/it\/wp-json\/wp\/v2\/types\/page"}],"author":[{"embeddable":true,"href":"https:\/\/www.1717interiors.com\/it\/wp-json\/wp\/v2\/users\/1"}],"replies":[{"embeddable":true,"href":"https:\/\/www.1717interiors.com\/it\/wp-json\/wp\/v2\/comments?post=2659"}],"version-history":[{"count":9,"href":"https:\/\/www.1717interiors.com\/it\/wp-json\/wp\/v2\/pages\/2659\/revisions"}],"predecessor-version":[{"id":3023,"href":"https:\/\/www.1717interiors.com\/it\/wp-json\/wp\/v2\/pages\/2659\/revisions\/3023"}],"wp:attachment":[{"href":"https:\/\/www.1717interiors.com\/it\/wp-json\/wp\/v2\/media?parent=2659"}],"curies":[{"name":"wp","href":"https:\/\/api.w.org\/{rel}","templated":true}]}}