{"id":2094,"date":"2025-04-23T11:55:57","date_gmt":"2025-04-23T09:55:57","guid":{"rendered":"https:\/\/www.1717interiors.com\/legal-notice\/"},"modified":"2025-06-04T16:56:19","modified_gmt":"2025-06-04T14:56:19","slug":"legal-notice","status":"publish","type":"page","link":"https:\/\/www.1717interiors.com\/en\/legal-notice\/","title":{"rendered":"Legal Notice"},"content":{"rendered":"\t\t<div data-elementor-type=\"wp-page\" data-elementor-id=\"2094\" class=\"elementor elementor-2094 elementor-31\" data-elementor-post-type=\"page\">\n\t\t\t\t<div class=\"elementor-element elementor-element-db34ec1 e-flex e-con-boxed e-con e-parent\" data-id=\"db34ec1\" data-element_type=\"container\" data-e-type=\"container\">\n\t\t\t\t\t<div class=\"e-con-inner\">\n\t\t\t\t<div class=\"elementor-element elementor-element-c0beff6 elementor-widget elementor-widget-heading\" data-id=\"c0beff6\" data-element_type=\"widget\" data-e-type=\"widget\" data-widget_type=\"heading.default\">\n\t\t\t\t<div class=\"elementor-widget-container\">\n\t\t\t\t\t<h1 class=\"elementor-heading-title elementor-size-default\">Legal Notice<\/h1>\t\t\t\t<\/div>\n\t\t\t\t<\/div>\n\t\t\t\t<div class=\"elementor-element elementor-element-66dea52 elementor-widget-divider--view-line elementor-widget elementor-widget-divider\" data-id=\"66dea52\" data-element_type=\"widget\" data-e-type=\"widget\" data-widget_type=\"divider.default\">\n\t\t\t\t<div class=\"elementor-widget-container\">\n\t\t\t\t\t\t\t<div class=\"elementor-divider\">\n\t\t\t<span class=\"elementor-divider-separator\">\n\t\t\t\t\t\t<\/span>\n\t\t<\/div>\n\t\t\t\t\t\t<\/div>\n\t\t\t\t<\/div>\n\t\t\t\t\t<\/div>\n\t\t\t\t<\/div>\n\t\t<div class=\"elementor-element elementor-element-bd6512d e-con-full e-flex e-con e-parent\" data-id=\"bd6512d\" data-element_type=\"container\" data-e-type=\"container\">\n\t\t<div class=\"elementor-element elementor-element-43f5d7e e-flex e-con-boxed e-con e-child\" data-id=\"43f5d7e\" data-element_type=\"container\" data-e-type=\"container\">\n\t\t\t\t\t<div class=\"e-con-inner\">\n\t\t\t\t<div class=\"elementor-element elementor-element-c99f856 elementor-widget elementor-widget-text-editor\" data-id=\"c99f856\" data-element_type=\"widget\" data-e-type=\"widget\" data-widget_type=\"text-editor.default\">\n\t\t\t\t<div class=\"elementor-widget-container\">\n\t\t\t\t\t\t\t\t\t<h3 class=\"\" data-start=\"198\" data-end=\"217\">Site editor<\/h3><p class=\"\" data-start=\"219\" data-end=\"293\"><span class=\"relative -mx-px my-[-0.2rem] rounded px-px py-[0.2rem] transition-colors duration-100 ease-in-out\">The <a href=\"http:\/\/www.1717interiors.com\" target=\"_new\" rel=\"noopener noreferrer\" data-start=\"8\" data-end=\"61\">www.1717interiors.com<\/a> website is published by :<\/span><\/p><p class=\"\" data-start=\"295\" data-end=\"601\"><strong data-start=\"295\" data-end=\"314\">17 17 INTERIORS<\/strong><br data-start=\"314\" data-end=\"317\"><span class=\"relative -mx-px my-[-0.2rem] rounded px-px py-[0.2rem] transition-colors duration-100 ease-in-out\">Entreprise Unipersonnelle \u00e0 Responsabilit\u00e9 Limit\u00e9e (EURL) with share capital of \u20ac5,000<\/span><br data-start=\"354\" data-end=\"357\"><span class=\"relative -mx-px my-[-0.2rem] rounded px-px py-[0.2rem] transition-colors duration-100 ease-in-out\">Head office: 37 rue d&#8217;Antibes, 06400 Cannes, France<\/span><br data-start=\"394\" data-end=\"397\"><span class=\"relative -mx-px my-[-0.2rem] rounded px-px py-[0.2rem] transition-colors duration-100 ease-in-out\">Registered in the Cannes Trade and Companies Register under number 939 651 758<\/span><br data-start=\"436\" data-end=\"439\"><span class=\"relative -mx-px my-[-0.2rem] rounded px-px py-[0.2rem] transition-colors duration-100 ease-in-out\">Intracommunity VAT number: FR68939651758<\/span><br data-start=\"478\" data-end=\"481\"><span class=\"relative -mx-px my-[-0.2rem] rounded px-px py-[0.2rem] transition-colors duration-100 ease-in-out\">Manager : Marie Ferrier-Borruto<\/span><br data-start=\"520\" data-end=\"523\"><span class=\"relative -mx-px my-[-0.2rem] rounded px-px py-[0.2rem] transition-colors duration-100 ease-in-out\">E-mail address: <a href=\"mailto:contact@1717interiors.com\" data-start=\"17\" data-end=\"78\" data-is-last-node=\"\">contact@1717interiors.com<\/a><\/span><\/p><h3 class=\"\" data-start=\"603\" data-end=\"618\">Hosting<\/h3><p class=\"\" data-start=\"620\" data-end=\"698\"><span class=\"relative -mx-px my-[-0.2rem] rounded px-px py-[0.2rem] transition-colors duration-100 ease-in-out\">The site is hosted by :<\/span><\/p><p class=\"\" data-start=\"700\" data-end=\"1002\"><strong data-start=\"700\" data-end=\"711\">OVH SAS<\/strong><br data-start=\"711\" data-end=\"714\"><span class=\"relative -mx-px my-[-0.2rem] rounded px-px py-[0.2rem] transition-colors duration-100 ease-in-out\">Simplified joint stock company with capital of \u20ac10,069,020<\/span><br data-start=\"753\" data-end=\"756\"><span class=\"relative -mx-px my-[-0.2rem] rounded px-px py-[0.2rem] transition-colors duration-100 ease-in-out\">Head office: 2 rue Kellermann, 59100 Roubaix, France<\/span><br data-start=\"795\" data-end=\"798\"><span class=\"relative -mx-px my-[-0.2rem] rounded px-px py-[0.2rem] transition-colors duration-100 ease-in-out\">Registered with the Lille M\u00e9tropole Trade and Companies Register under number 424 761 419<\/span><br data-start=\"837\" data-end=\"840\"><span class=\"relative -mx-px my-[-0.2rem] rounded px-px py-[0.2rem] transition-colors duration-100 ease-in-out\">APE Code: 2620Z<\/span><br data-start=\"879\" data-end=\"882\"><span class=\"relative -mx-px my-[-0.2rem] rounded px-px py-[0.2rem] transition-colors duration-100 ease-in-out\">Intracommunity VAT number: FR 22 424 761 419<\/span><br data-start=\"921\" data-end=\"924\"><span class=\"relative -mx-px my-[-0.2rem] rounded px-px py-[0.2rem] transition-colors duration-100 ease-in-out\">Website: <a href=\"https:\/\/www.ovh.com\" target=\"_new\" rel=\"noopener noreferrer\" data-start=\"11\" data-end=\"45\" data-is-last-node=\"\">www.ovh.com<\/a><\/span><\/p><h3 class=\"\" data-start=\"1004\" data-end=\"1032\">Intellectual property<\/h3><p class=\"\" data-start=\"1034\" data-end=\"1112\"><span class=\"relative -mx-px my-[-0.2rem] rounded px-px py-[0.2rem] transition-colors duration-100 ease-in-out\">All elements present on the <a href=\"http:\/\/www.1717interiors.com\" target=\"_new\" rel=\"noopener noreferrer\" data-start=\"45\" data-end=\"98\">www.1717interiors.com<\/a> website, notably texts, images, graphics, logos, icons, sounds and software, are protected by current intellectual property laws and are the exclusive property of 17 17 INTERIORS, unless otherwise stated.<\/span><\/p><h3 class=\"\" data-start=\"1114\" data-end=\"1138\">Personal data<\/h3><p class=\"\" data-start=\"1140\" data-end=\"1218\"><span class=\"relative -mx-px my-[-0.2rem] rounded px-px py-[0.2rem] transition-colors duration-100 ease-in-out\">In accordance with current regulations, in particular the General Data Protection Regulation (RGPD), users have the right to access, rectify, oppose, delete and port their personal data.<\/span><\/p><p class=\"\" data-start=\"1220\" data-end=\"1298\"><span class=\"relative -mx-px my-[-0.2rem] rounded px-px py-[0.2rem] transition-colors duration-100 ease-in-out\">To exercise these rights, the user may contact :<\/span><\/p><p class=\"\" data-start=\"1300\" data-end=\"1462\"><span class=\"relative -mx-px my-[-0.2rem] rounded px-px py-[0.2rem] transition-colors duration-100 ease-in-out\"><strong data-start=\"0\" data-end=\"19\" data-is-last-node=\"\" data-is-only-node=\"\">17 17 INTERIORS<\/strong><\/span><br data-start=\"1339\" data-end=\"1342\"><span class=\"relative -mx-px my-[-0.2rem] rounded px-px py-[0.2rem] transition-colors duration-100 ease-in-out\">37 rue d\u2019Antibes, 06400 Cannes, France<\/span><br data-start=\"1381\" data-end=\"1384\"><span class=\"relative -mx-px my-[-0.2rem] rounded px-px py-[0.2rem] transition-colors duration-100 ease-in-out\">E-mail address: <a href=\"mailto:contact@1717interiors.com\" data-start=\"17\" data-end=\"78\" data-is-last-node=\"\">contact@1717interiors.com<\/a><br>Telephone: +33 (0)6 86 93 24 22<\/span><\/p><h3 class=\"\" data-start=\"1464\" data-end=\"1475\">Cookies<\/h3><p class=\"\" data-start=\"1477\" data-end=\"1555\"><span class=\"relative -mx-px my-[-0.2rem] rounded px-px py-[0.2rem] transition-colors duration-100 ease-in-out\">The <a href=\"http:\/\/www.1717interiors.com\" target=\"_new\" rel=\"noopener noreferrer\" data-start=\"8\" data-end=\"61\">www.1717interiors.com<\/a> website may use cookies to enhance the user experience. L\u2019utilisateur est inform\u00e9 de l\u2019utilisation de ces cookies lors de sa premi\u00e8re visite et peut configurer ses pr\u00e9f\u00e9rences via le bandeau d\u2019information pr\u00e9vu \u00e0 cet effet.<\/span><\/p><h3 class=\"\" data-start=\"1557\" data-end=\"1575\">Liability<\/h3><p class=\"\" data-start=\"1577\" data-end=\"1655\"><span class=\"relative -mx-px my-[-0.2rem] rounded px-px py-[0.2rem] transition-colors duration-100 ease-in-out\">17 17 INTERIORS makes every effort to ensure that the information published on the site is accurate and up-to-date. However, it cannot guarantee the accuracy, completeness or timeliness of the information provided.<\/span><\/p><h3 class=\"\" data-start=\"1657\" data-end=\"1675\">Applicable law<\/h3><p class=\"\" data-start=\"1677\" data-end=\"1755\"><span class=\"relative -mx-px my-[-0.2rem] rounded px-px py-[0.2rem] transition-colors duration-100 ease-in-out\">This legal notice is governed by French law. Any dispute relating to the interpretation or execution of these terms and conditions shall be subject to the exclusive jurisdiction of the French courts.<\/span><\/p>\t\t\t\t\t\t\t\t<\/div>\n\t\t\t\t<\/div>\n\t\t\t\t\t<\/div>\n\t\t\t\t<\/div>\n\t\t<div class=\"elementor-element elementor-element-6e8e47f e-con-full e-flex e-con e-child\" data-id=\"6e8e47f\" data-element_type=\"container\" data-e-type=\"container\" data-settings=\"{&quot;background_background&quot;:&quot;classic&quot;}\">\n\t\t\t\t<\/div>\n\t\t\t\t<\/div>\n\t\t\t\t<\/div>\n\t\t","protected":false},"excerpt":{"rendered":"<p>Legal Notice Site editor The www.1717interiors.com website is published by : 17 17 INTERIORSEntreprise Unipersonnelle \u00e0 Responsabilit\u00e9 Limit\u00e9e (EURL) with share capital of \u20ac5,000Head office: 37 rue d&#8217;Antibes, 06400 Cannes, FranceRegistered in the Cannes Trade and Companies Register under number 939 651 758Intracommunity VAT number: FR68939651758Manager : Marie Ferrier-BorrutoE-mail address: contact@1717interiors.com Hosting The site is [&hellip;]<\/p>\n","protected":false},"author":1,"featured_media":0,"parent":0,"menu_order":0,"comment_status":"closed","ping_status":"closed","template":"","meta":{"_acf_changed":false,"footnotes":""},"class_list":["post-2094","page","type-page","status-publish","hentry"],"acf":[],"yoast_head":"<!-- This site is optimized with the Yoast SEO plugin v27.3 - https:\/\/yoast.com\/product\/yoast-seo-wordpress\/ -->\n<title>Legal Notice - 17:17 Interiors<\/title>\n<meta name=\"robots\" content=\"index, follow, max-snippet:-1, max-image-preview:large, max-video-preview:-1\" \/>\n<link rel=\"canonical\" href=\"https:\/\/www.1717interiors.com\/en\/legal-notice\/\" \/>\n<meta property=\"og:locale\" content=\"en_US\" \/>\n<meta property=\"og:type\" content=\"article\" \/>\n<meta property=\"og:title\" content=\"Legal Notice - 17:17 Interiors\" \/>\n<meta property=\"og:description\" content=\"Legal Notice Site editor The www.1717interiors.com website is published by : 17 17 INTERIORSEntreprise Unipersonnelle \u00e0 Responsabilit\u00e9 Limit\u00e9e (EURL) with share capital of \u20ac5,000Head office: 37 rue d&#8217;Antibes, 06400 Cannes, FranceRegistered in the Cannes Trade and Companies Register under number 939 651 758Intracommunity VAT number: FR68939651758Manager : Marie Ferrier-BorrutoE-mail address: contact@1717interiors.com Hosting The site is [&hellip;]\" \/>\n<meta property=\"og:url\" content=\"https:\/\/www.1717interiors.com\/en\/legal-notice\/\" \/>\n<meta property=\"og:site_name\" content=\"17:17 Interiors\" \/>\n<meta property=\"article:modified_time\" content=\"2025-06-04T14:56:19+00:00\" \/>\n<meta property=\"og:image\" content=\"https:\/\/www.1717interiors.com\/wp-content\/uploads\/2025\/07\/salle-a-manger-renovee-villa-mougins-scaled.webp\" \/>\n\t<meta property=\"og:image:width\" content=\"2000\" \/>\n\t<meta property=\"og:image:height\" content=\"1500\" \/>\n\t<meta property=\"og:image:type\" content=\"image\/webp\" \/>\n<meta name=\"twitter:card\" content=\"summary_large_image\" \/>\n<meta name=\"twitter:label1\" content=\"Est. reading time\" \/>\n\t<meta name=\"twitter:data1\" content=\"1 minute\" \/>\n<script type=\"application\/ld+json\" class=\"yoast-schema-graph\">{\"@context\":\"https:\\\/\\\/schema.org\",\"@graph\":[{\"@type\":\"WebPage\",\"@id\":\"https:\\\/\\\/www.1717interiors.com\\\/en\\\/legal-notice\\\/\",\"url\":\"https:\\\/\\\/www.1717interiors.com\\\/en\\\/legal-notice\\\/\",\"name\":\"Legal Notice - 17:17 Interiors\",\"isPartOf\":{\"@id\":\"https:\\\/\\\/www.1717interiors.com\\\/#website\"},\"datePublished\":\"2025-04-23T09:55:57+00:00\",\"dateModified\":\"2025-06-04T14:56:19+00:00\",\"breadcrumb\":{\"@id\":\"https:\\\/\\\/www.1717interiors.com\\\/en\\\/legal-notice\\\/#breadcrumb\"},\"inLanguage\":\"en-US\",\"potentialAction\":[{\"@type\":\"ReadAction\",\"target\":[\"https:\\\/\\\/www.1717interiors.com\\\/en\\\/legal-notice\\\/\"]}]},{\"@type\":\"BreadcrumbList\",\"@id\":\"https:\\\/\\\/www.1717interiors.com\\\/en\\\/legal-notice\\\/#breadcrumb\",\"itemListElement\":[{\"@type\":\"ListItem\",\"position\":1,\"name\":\"Accueil\",\"item\":\"https:\\\/\\\/www.1717interiors.com\\\/en\\\/home\\\/\"},{\"@type\":\"ListItem\",\"position\":2,\"name\":\"Legal Notice\"}]},{\"@type\":\"WebSite\",\"@id\":\"https:\\\/\\\/www.1717interiors.com\\\/#website\",\"url\":\"https:\\\/\\\/www.1717interiors.com\\\/\",\"name\":\"17:17 Interiors\",\"description\":\"Architecture int\u00e9rieure &amp; d\u00e9coration\",\"publisher\":{\"@id\":\"https:\\\/\\\/www.1717interiors.com\\\/#organization\"},\"potentialAction\":[{\"@type\":\"SearchAction\",\"target\":{\"@type\":\"EntryPoint\",\"urlTemplate\":\"https:\\\/\\\/www.1717interiors.com\\\/?s={search_term_string}\"},\"query-input\":{\"@type\":\"PropertyValueSpecification\",\"valueRequired\":true,\"valueName\":\"search_term_string\"}}],\"inLanguage\":\"en-US\"},{\"@type\":\"Organization\",\"@id\":\"https:\\\/\\\/www.1717interiors.com\\\/#organization\",\"name\":\"17:17 Interiors\",\"url\":\"https:\\\/\\\/www.1717interiors.com\\\/\",\"logo\":{\"@type\":\"ImageObject\",\"inLanguage\":\"en-US\",\"@id\":\"https:\\\/\\\/www.1717interiors.com\\\/#\\\/schema\\\/logo\\\/image\\\/\",\"url\":\"https:\\\/\\\/www.1717interiors.com\\\/wp-content\\\/uploads\\\/2025\\\/04\\\/logo-1717-interiors.svg\",\"contentUrl\":\"https:\\\/\\\/www.1717interiors.com\\\/wp-content\\\/uploads\\\/2025\\\/04\\\/logo-1717-interiors.svg\",\"width\":90,\"height\":100,\"caption\":\"17:17 Interiors\"},\"image\":{\"@id\":\"https:\\\/\\\/www.1717interiors.com\\\/#\\\/schema\\\/logo\\\/image\\\/\"},\"sameAs\":[\"https:\\\/\\\/www.instagram.com\\\/1717interiors\\\/\",\"https:\\\/\\\/www.linkedin.com\\\/company\\\/1717interiors\\\/about\\\/?viewAsMember=true\",\"https:\\\/\\\/www.1717interiors.com\\\/#\"]}]}<\/script>\n<!-- \/ Yoast SEO plugin. -->","yoast_head_json":{"title":"Legal Notice - 17:17 Interiors","robots":{"index":"index","follow":"follow","max-snippet":"max-snippet:-1","max-image-preview":"max-image-preview:large","max-video-preview":"max-video-preview:-1"},"canonical":"https:\/\/www.1717interiors.com\/en\/legal-notice\/","og_locale":"en_US","og_type":"article","og_title":"Legal Notice - 17:17 Interiors","og_description":"Legal Notice Site editor The www.1717interiors.com website is published by : 17 17 INTERIORSEntreprise Unipersonnelle \u00e0 Responsabilit\u00e9 Limit\u00e9e (EURL) with share capital of \u20ac5,000Head office: 37 rue d&#8217;Antibes, 06400 Cannes, FranceRegistered in the Cannes Trade and Companies Register under number 939 651 758Intracommunity VAT number: FR68939651758Manager : Marie Ferrier-BorrutoE-mail address: contact@1717interiors.com Hosting The site is [&hellip;]","og_url":"https:\/\/www.1717interiors.com\/en\/legal-notice\/","og_site_name":"17:17 Interiors","article_modified_time":"2025-06-04T14:56:19+00:00","og_image":[{"width":2000,"height":1500,"url":"https:\/\/www.1717interiors.com\/wp-content\/uploads\/2025\/07\/salle-a-manger-renovee-villa-mougins-scaled.webp","type":"image\/webp"}],"twitter_card":"summary_large_image","twitter_misc":{"Est. reading time":"1 minute"},"schema":{"@context":"https:\/\/schema.org","@graph":[{"@type":"WebPage","@id":"https:\/\/www.1717interiors.com\/en\/legal-notice\/","url":"https:\/\/www.1717interiors.com\/en\/legal-notice\/","name":"Legal Notice - 17:17 Interiors","isPartOf":{"@id":"https:\/\/www.1717interiors.com\/#website"},"datePublished":"2025-04-23T09:55:57+00:00","dateModified":"2025-06-04T14:56:19+00:00","breadcrumb":{"@id":"https:\/\/www.1717interiors.com\/en\/legal-notice\/#breadcrumb"},"inLanguage":"en-US","potentialAction":[{"@type":"ReadAction","target":["https:\/\/www.1717interiors.com\/en\/legal-notice\/"]}]},{"@type":"BreadcrumbList","@id":"https:\/\/www.1717interiors.com\/en\/legal-notice\/#breadcrumb","itemListElement":[{"@type":"ListItem","position":1,"name":"Accueil","item":"https:\/\/www.1717interiors.com\/en\/home\/"},{"@type":"ListItem","position":2,"name":"Legal Notice"}]},{"@type":"WebSite","@id":"https:\/\/www.1717interiors.com\/#website","url":"https:\/\/www.1717interiors.com\/","name":"17:17 Interiors","description":"Architecture int\u00e9rieure &amp; d\u00e9coration","publisher":{"@id":"https:\/\/www.1717interiors.com\/#organization"},"potentialAction":[{"@type":"SearchAction","target":{"@type":"EntryPoint","urlTemplate":"https:\/\/www.1717interiors.com\/?s={search_term_string}"},"query-input":{"@type":"PropertyValueSpecification","valueRequired":true,"valueName":"search_term_string"}}],"inLanguage":"en-US"},{"@type":"Organization","@id":"https:\/\/www.1717interiors.com\/#organization","name":"17:17 Interiors","url":"https:\/\/www.1717interiors.com\/","logo":{"@type":"ImageObject","inLanguage":"en-US","@id":"https:\/\/www.1717interiors.com\/#\/schema\/logo\/image\/","url":"https:\/\/www.1717interiors.com\/wp-content\/uploads\/2025\/04\/logo-1717-interiors.svg","contentUrl":"https:\/\/www.1717interiors.com\/wp-content\/uploads\/2025\/04\/logo-1717-interiors.svg","width":90,"height":100,"caption":"17:17 Interiors"},"image":{"@id":"https:\/\/www.1717interiors.com\/#\/schema\/logo\/image\/"},"sameAs":["https:\/\/www.instagram.com\/1717interiors\/","https:\/\/www.linkedin.com\/company\/1717interiors\/about\/?viewAsMember=true","https:\/\/www.1717interiors.com\/#"]}]}},"_links":{"self":[{"href":"https:\/\/www.1717interiors.com\/en\/wp-json\/wp\/v2\/pages\/2094","targetHints":{"allow":["GET"]}}],"collection":[{"href":"https:\/\/www.1717interiors.com\/en\/wp-json\/wp\/v2\/pages"}],"about":[{"href":"https:\/\/www.1717interiors.com\/en\/wp-json\/wp\/v2\/types\/page"}],"author":[{"embeddable":true,"href":"https:\/\/www.1717interiors.com\/en\/wp-json\/wp\/v2\/users\/1"}],"replies":[{"embeddable":true,"href":"https:\/\/www.1717interiors.com\/en\/wp-json\/wp\/v2\/comments?post=2094"}],"version-history":[{"count":2,"href":"https:\/\/www.1717interiors.com\/en\/wp-json\/wp\/v2\/pages\/2094\/revisions"}],"predecessor-version":[{"id":2588,"href":"https:\/\/www.1717interiors.com\/en\/wp-json\/wp\/v2\/pages\/2094\/revisions\/2588"}],"wp:attachment":[{"href":"https:\/\/www.1717interiors.com\/en\/wp-json\/wp\/v2\/media?parent=2094"}],"curies":[{"name":"wp","href":"https:\/\/api.w.org\/{rel}","templated":true}]}}